{"id":4650,"date":"2020-05-05T16:32:51","date_gmt":"2020-05-05T20:32:51","guid":{"rendered":"https:\/\/www.explorica.ca\/blog\/?page_id=4650"},"modified":"2020-05-05T16:32:51","modified_gmt":"2020-05-05T20:32:51","slug":"iceland-learning-home","status":"publish","type":"page","link":"https:\/\/www.explorica.ca\/blog\/iceland-learning-home","title":{"rendered":"Iceland: Learning at Home"},"content":{"rendered":"<p><strong>Get creative<\/strong><br \/>\nOrganize your art supplies and get to crafting. Consider recreating nature\u2019s beauty by painting the gorgeous Northern Lights or iconic Icelandic glaciers like Vatnaj\u00f6kull or M\u00fdrdalsj\u00f6kull.<\/p>\n<p><em>Need more inspiration? Check out this <a href=\"https:\/\/www.youtube.com\/watch?v=dVTdDrchVuU\">virtual hike<\/a> of one of Iceland\u2019s glaciers.<\/em><\/p>\n<p><strong>Pick a film<\/strong><br \/>\nWatch a movie that relates to your destination. Some ideas for Iceland include:<\/p>\n<ul>\n<li>The Secret Life of Walter Mitty (2013)<\/li>\n<li>Oblivion (2013)<\/li>\n<li>Game of Thrones (2011-2019)<\/li>\n<\/ul>\n<p><strong>Study some history<\/strong><br \/>\nDive deep into the history of specific sites you\u2019ll visit on tour. Study the <a href=\"https:\/\/www.atlasobscura.com\/articles\/what-were-cod-wars\">Cod Wars<\/a>, the only battles Iceland has waged. Discover the beauty of<a href=\"http:\/\/gullfoss.is\/\"> Gullfoss Falls<\/a> and how it\u2019s been protected and preserved, or learn the origins of the <a href=\"https:\/\/www.nat.is\/blue-lagoon-history\/\">Blue Lagoon<\/a>, where a combination of nature, design, and science create a world of wonder and wellness. Then, explore a volcano from above and below with this <a href=\"https:\/\/www.youtube.com\/watch?v=tUaN_tki82o\">virtual tour<\/a>!<\/p>\n<p><strong>Choose a book<\/strong><br \/>\nRead and discuss a book that takes place in your destination or describes the local culture. Pick from titles like:<\/p>\n<ul>\n<li><em>The Sagas of the Icelanders<\/em> by Jane Smilely<\/li>\n<li><em>The Fish Can Sing<\/em> by Halldor Laxness<\/li>\n<li><em>Names for the Sea: Strangers in Iceland<\/em> by Sarah Moss<\/li>\n<\/ul>\n<p><strong>Fill up your plate<\/strong><br \/>\nArrange a potluck and encourage your friends to bring a traditional dish from your destination. Know a chef? Hold a virtual cooking class and learn how to cook <a href=\"https:\/\/www.wholefoodsmarket.com\/tips-and-ideas\/archive\/tender-story-icelandic-lamb\">Icelandic lamb<\/a> with your travel group, or support a local restaurant that offers delivery\/take-out of your destination\u2019s cuisine. Consider trying <a href=\"https:\/\/www.cooksillustrated.com\/science\/852-articles\/story\/what-is-skyr\">skyr<\/a> (Icelandic yogurt) or <a href=\"https:\/\/www.atlasobscura.com\/foods\/hardfiskur\">har\u00f0fiskur<\/a> (dried fish).<\/p>\n<p><strong>Learn the language<\/strong><br \/>\nCall up a friend or set up a group video chat and practice your language skills. It helps to make flashcards with <a href=\"https:\/\/www.theintrepidguide.com\/icelandic-phrases-with-pronunciation\/#.XrGiV8hKiUl\">common sayings<\/a> to use on the phone or throughout your travels (think about ordering at restaurants, buying souvenirs, and chatting with locals).<\/p>\n<p><strong>Did you know?<\/strong><br \/>\nThere are no surnames or family names in Iceland. Instead, Icelanders use the traditional Nordic naming system, which includes a last name that is comprised from their father\u2019s (or mother\u2019s) first name with the addition of -d\u00f3ttir (-daughter) or -son.<\/p>\n","protected":false},"excerpt":{"rendered":"<p>Get creative Organize your art supplies and get to crafting. Consider recreating nature\u2019s beauty by painting the gorgeous Northern Lights or iconic Icelandic glaciers like Vatnaj\u00f6kull or M\u00fdrdalsj\u00f6kull. Need more inspiration? Check out this virtual hike of one of Iceland\u2019s glaciers. Pick a film Watch a movie that relates to your destination. Some ideas for <a class=\"more-link\" href=\"https:\/\/www.explorica.ca\/blog\/iceland-learning-home\">Read More &#8230;<\/a><\/p>\n","protected":false},"author":1,"featured_media":4651,"parent":0,"menu_order":0,"comment_status":"closed","ping_status":"closed","template":"","meta":{"footnotes":""},"class_list":["post-4650","page","type-page","status-publish","has-post-thumbnail","hentry"],"_links":{"self":[{"href":"https:\/\/www.explorica.ca\/blog\/wp-json\/wp\/v2\/pages\/4650","targetHints":{"allow":["GET"]}}],"collection":[{"href":"https:\/\/www.explorica.ca\/blog\/wp-json\/wp\/v2\/pages"}],"about":[{"href":"https:\/\/www.explorica.ca\/blog\/wp-json\/wp\/v2\/types\/page"}],"author":[{"embeddable":true,"href":"https:\/\/www.explorica.ca\/blog\/wp-json\/wp\/v2\/users\/1"}],"replies":[{"embeddable":true,"href":"https:\/\/www.explorica.ca\/blog\/wp-json\/wp\/v2\/comments?post=4650"}],"version-history":[{"count":2,"href":"https:\/\/www.explorica.ca\/blog\/wp-json\/wp\/v2\/pages\/4650\/revisions"}],"predecessor-version":[{"id":4653,"href":"https:\/\/www.explorica.ca\/blog\/wp-json\/wp\/v2\/pages\/4650\/revisions\/4653"}],"wp:featuredmedia":[{"embeddable":true,"href":"https:\/\/www.explorica.ca\/blog\/wp-json\/wp\/v2\/media\/4651"}],"wp:attachment":[{"href":"https:\/\/www.explorica.ca\/blog\/wp-json\/wp\/v2\/media?parent=4650"}],"curies":[{"name":"wp","href":"https:\/\/api.w.org\/{rel}","templated":true}]}}